{"id":220,"date":"2014-04-13T20:18:28","date_gmt":"2014-04-13T20:18:28","guid":{"rendered":"http:\/\/www.saviese-edelweiss.ch\/?page_id=220"},"modified":"2014-11-09T08:54:23","modified_gmt":"2014-11-09T08:54:23","slug":"billetterie","status":"publish","type":"page","link":"https:\/\/www.saviese-edelweiss.ch\/?page_id=220","title":{"rendered":"billetterie"},"content":{"rendered":"<p>La billeterie n&#8217;est plus disponible car l\u2019\u00e9v\u00e9nement est pass\u00e9. Merci d&#8217;avoir participer \u00e0 f\u00eate romande 2014<\/p>\n","protected":false},"excerpt":{"rendered":"<p>La billeterie n&#8217;est plus disponible car l\u2019\u00e9v\u00e9nement est pass\u00e9. Merci d&#8217;avoir participer \u00e0 f\u00eate romande 2014<\/p>\n","protected":false},"author":1,"featured_media":0,"parent":0,"menu_order":0,"comment_status":"closed","ping_status":"open","template":"","meta":{"ngg_post_thumbnail":0,"footnotes":""},"class_list":["post-220","page","type-page","status-publish","hentry"],"_links":{"self":[{"href":"https:\/\/www.saviese-edelweiss.ch\/index.php?rest_route=\/wp\/v2\/pages\/220","targetHints":{"allow":["GET"]}}],"collection":[{"href":"https:\/\/www.saviese-edelweiss.ch\/index.php?rest_route=\/wp\/v2\/pages"}],"about":[{"href":"https:\/\/www.saviese-edelweiss.ch\/index.php?rest_route=\/wp\/v2\/types\/page"}],"author":[{"embeddable":true,"href":"https:\/\/www.saviese-edelweiss.ch\/index.php?rest_route=\/wp\/v2\/users\/1"}],"replies":[{"embeddable":true,"href":"https:\/\/www.saviese-edelweiss.ch\/index.php?rest_route=%2Fwp%2Fv2%2Fcomments&post=220"}],"version-history":[{"count":4,"href":"https:\/\/www.saviese-edelweiss.ch\/index.php?rest_route=\/wp\/v2\/pages\/220\/revisions"}],"predecessor-version":[{"id":281,"href":"https:\/\/www.saviese-edelweiss.ch\/index.php?rest_route=\/wp\/v2\/pages\/220\/revisions\/281"}],"wp:attachment":[{"href":"https:\/\/www.saviese-edelweiss.ch\/index.php?rest_route=%2Fwp%2Fv2%2Fmedia&parent=220"}],"curies":[{"name":"wp","href":"https:\/\/api.w.org\/{rel}","templated":true}]}}