{"id":13,"date":"2010-11-29T13:14:22","date_gmt":"2010-11-29T13:14:22","guid":{"rendered":"http:\/\/www.saviese-edelweiss.ch\/?page_id=13"},"modified":"2016-11-13T17:43:11","modified_gmt":"2016-11-13T17:43:11","slug":"le-club","status":"publish","type":"page","link":"https:\/\/www.saviese-edelweiss.ch\/?page_id=13","title":{"rendered":"Le club"},"content":{"rendered":"<h3><strong>Pr\u00e9sentation des lutteurs espoirs et des actifs &#8211; saison 2016<\/strong><\/h3>\n<iframe src=\"\/\/docs.google.com\/viewer?url=http%3A%2F%2Fwww.saviese-edelweiss.ch%2Fwp-content%2Fuploads%2F2010%2F11%2Fpr%C3%A9sentation-lutteurs-nov-2016.docx&hl=fr&embedded=true\" class=\"gde-frame\" style=\"width:100%; height:500px; border: none;\" scrolling=\"no\"><\/iframe>\n<p class=\"gde-text\"><a href=\"http:\/\/www.saviese-edelweiss.ch\/wp-content\/uploads\/2010\/11\/pr\u00e9sentation-lutteurs-nov-2016.docx\" class=\"gde-link\">Download (DOCX, 7.39Mo)<\/a><\/p>\n<p>13 f\u00e9vrier 2016 \u00a0 \u00a0 \u00a0 \u00a0 \u00a0 \u00a0 \u00a0 \u00a0 \u00a0<strong>Sortie \u00e0 ski \u00a0 \u00a0 \u00a0 \u00a0 \u00a0 \u00a0 \u00a0 \u00a0 \u00a0 \u00a0 \u00a0 \u00a0 \u00a0 \u00a0 \u00a0 \u00a0 \u00a0 \u00a0 \u00a0 \u00a0 \u00a0 \u00a0 \u00a0 Anz\u00e8re<\/strong><\/p>\n<p>10 avril 2016 \u00a0 \u00a0 \u00a0 \u00a0 \u00a0 \u00a0 \u00a0 \u00a0 \u00a0 \u00a0 F\u00eate R\u00e9gionale jeunes et actifs \u00a0 \u00a0 \u00a0 \u00a0 \u00a0 \u00a0 \u00a0 \u00a0 \u00a0 Ch\u00e2bles<\/p>\n<p>5 mai 2016 \u00a0 \u00a0 \u00a0 \u00a0 \u00a0 \u00a0 \u00a0 \u00a0 \u00a0 \u00a0 \u00a0 \u00a0 F\u00eate Cantonale FR espoirs \u00a0 \u00a0 \u00a0 \u00a0 \u00a0 \u00a0 \u00a0 \u00a0 \u00a0 \u00a0 \u00a0 \u00a0 \u00a0Le Mouret<\/p>\n<p>7 ou 8 mai 2016 \u00a0 \u00a0 \u00a0 \u00a0 \u00a0 \u00a0 \u00a0 \u00a0F\u00eate Cantonale GE jeunes et actifs \u00a0 \u00a0 \u00a0 \u00a0 \u00a0 Place de la Sardaigne<\/p>\n<p>21-22 mai 2016 \u00a0 \u00a0 \u00a0 \u00a0 \u00a0 \u00a0 \u00a0 \u00a0F\u00eate Cantonale NE lutte suisse \u00a0 \u00a0 \u00a0 \u00a0 \u00a0 \u00a0 \u00a0 \u00a0 \u00a0 Le Couvet<\/p>\n<p>28-29 mai 2016 \u00a0 \u00a0 \u00a0 \u00a0 \u00a0 \u00a0 \u00a0 F\u00eate Cantonale VD lutte suisse \u00a0 \u00a0 \u00a0 \u00a0 \u00a0 \u00a0 \u00a0 \u00a0 \u00a0 \u00a0Eysins<\/p>\n<p>5 juin 2016 \u00a0 \u00a0 \u00a0 \u00a0 \u00a0 \u00a0 \u00a0 \u00a0 \u00a0 \u00a0 \u00a0 \u00a0F\u00eate Romande espoirs \u00a0 \u00a0 \u00a0 \u00a0 \u00a0 \u00a0 \u00a0 \u00a0 \u00a0 \u00a0 \u00a0 \u00a0 \u00a0 \u00a0 \u00a0 \u00a0 \u00a0Savi\u00e8se<\/p>\n<p>12 juin 2016 \u00a0 \u00a0 \u00a0 \u00a0 \u00a0 \u00a0 \u00a0 \u00a0 \u00a0 \u00a0 \u00a0F\u00eate Romande actifs \u00a0 \u00a0 \u00a0 \u00a0 \u00a0 \u00a0 \u00a0 \u00a0 \u00a0 \u00a0 \u00a0 \u00a0 \u00a0 \u00a0 \u00a0 \u00a0 \u00a0 \u00a0 Aigle<\/p>\n<p>3 juillet 2016 \u00a0 \u00a0 \u00a0 \u00a0 \u00a0 \u00a0 \u00a0 \u00a0 \u00a0 \u00a0 F\u00eate Cantonale VS acitfs \u00a0 \u00a0 \u00a0 \u00a0 \u00a0 \u00a0 \u00a0 \u00a0 \u00a0 \u00a0 \u00a0 \u00a0 \u00a0 \u00a0 \u00a0Vi\u00e8ge<\/p>\n<p>10 juillet 2016 \u00a0 \u00a0 \u00a0 \u00a0 \u00a0 \u00a0 \u00a0 \u00a0 \u00a0 F\u00eate Cantonale VS espoirs \u00a0 \u00a0 \u00a0 \u00a0 \u00a0 \u00a0 \u00a0 \u00a0 \u00a0 \u00a0 \u00a0 \u00a0 \u00a0 St- Martin<br \/>\n(<strong>sortie du Club et Journ\u00e9e de Remerciement de la Romande)<\/strong><\/p>\n<p>26-28 ao\u00fbt 2016 \u00a0 \u00a0 \u00a0 \u00a0 \u00a0 \u00a0 \u00a0 F\u00eate F\u00e9d\u00e9rale de Lutte Suisse \u00a0 \u00a0 \u00a0 \u00a0 \u00a0 \u00a0 \u00a0 \u00a0 \u00a0 \u00a0 Estavayer<\/p>\n<p>&nbsp;<\/p>\n<h3>En 2010<\/h3>\n<p>Ce sera l&#8217;ann\u00e9e de la f\u00eate f\u00e9d\u00e9rale \u00e0 Frauenfeld.<\/p>\n<p>Notre club organisera la f\u00eate cantonale valaisanne des jeunes lutteurs le dimanche 23 mai<\/p>\n<h3>Pour 2009 :<\/h3>\n<p>Notre club organisera cette ann\u00e9e la rencontre annuelle des v\u00e9t\u00e9rants lutteurs, le 19 mars.<\/p>\n<p>La f\u00eate de lutte de Printemps Sion Expo n&#8217;aura pas lieu cette ann\u00e9e.<\/p>\n<p>D\u00e8s le mois d&#8217;avril, des entra\u00eenements physique auront lieu le mercredi soir.<\/p>\n<p>Le 28 juin aura lieu la sortie annuelle du club \u00e0 Kippel dans le cadre de la f\u00eate cantonale valaisanne o\u00f9 nous devrons transmettre la banni\u00e8re cantonale.<\/p>\n<p>Le 22 juillet 2009, nous accueillerons les jeunes du Passport Vacances de Sion et Environs.<\/p>\n<h3>En 2008 :<\/h3>\n<p>Ann\u00e9e du 75\u00e8me anniversaire du club, nous avons organis\u00e9 en collaboration avec le club des lutteurs de bramois et Sion Expo :<\/p>\n<p>La f\u00eate cantonale des jeunes, le 12 avril 2008 et la f\u00eate cantonale des actifs, le 13 avril 2008.<br \/>\nPascal Jacquier se classe 8b et Lucien Roten fait sa premi\u00e8re couronne en se classant au 6 \u00e8me rang.<br \/>\nFait historique dans la lutte, c&#8217;est la premi\u00e8re fois en Valais que les deux f\u00eates cantonales sont organis\u00e9es le m\u00eame week-end.<\/p>\n<p>D\u00e8s septembre 2008 une quinzaine de jeunes gar\u00e7ons et filles s&#8217;entra\u00eenent le vendredi soir de 19h00 \u00e0 20h30 sous la houlette de M\u00e9sa Varone Cretton, Lucien Roten et Gaetan Luyet<\/p>\n<h3>En 2007 :<\/h3>\n<p>Aucune f\u00eate de lutte n&#8217;aura lieu \u00e0 Savi\u00e8se.<\/p>\n<p>Le 29 avril a eu lieu \u00e0 Sion la deuxi\u00e8me f\u00eate de printemps durant\u00a0<a href=\"http:\/\/www.sion-expo.ch\/\">Sion Expo<\/a>.<\/p>\n","protected":false},"excerpt":{"rendered":"<p>Pr\u00e9sentation des lutteurs espoirs et des actifs &#8211; saison 2016 13 f\u00e9vrier 2016 \u00a0 \u00a0 \u00a0 \u00a0 \u00a0 \u00a0 \u00a0 \u00a0 \u00a0Sortie \u00e0 ski \u00a0 \u00a0 \u00a0 \u00a0 \u00a0 \u00a0 \u00a0 \u00a0 \u00a0 \u00a0 \u00a0 \u00a0 \u00a0 \u00a0 \u00a0 \u00a0 \u00a0 \u00a0 \u00a0 \u00a0 \u00a0 \u00a0 \u00a0 Anz\u00e8re 10 avril 2016 \u00a0 \u00a0 \u00a0 \u00a0 &hellip; <a href=\"https:\/\/www.saviese-edelweiss.ch\/?page_id=13\" class=\"more-link\">Continuer la lecture de <span class=\"screen-reader-text\">Le club<\/span>  <span class=\"meta-nav\">&rarr;<\/span><\/a><\/p>\n","protected":false},"author":1,"featured_media":0,"parent":0,"menu_order":0,"comment_status":"closed","ping_status":"closed","template":"","meta":{"ngg_post_thumbnail":0,"footnotes":""},"class_list":["post-13","page","type-page","status-publish","hentry"],"_links":{"self":[{"href":"https:\/\/www.saviese-edelweiss.ch\/index.php?rest_route=\/wp\/v2\/pages\/13","targetHints":{"allow":["GET"]}}],"collection":[{"href":"https:\/\/www.saviese-edelweiss.ch\/index.php?rest_route=\/wp\/v2\/pages"}],"about":[{"href":"https:\/\/www.saviese-edelweiss.ch\/index.php?rest_route=\/wp\/v2\/types\/page"}],"author":[{"embeddable":true,"href":"https:\/\/www.saviese-edelweiss.ch\/index.php?rest_route=\/wp\/v2\/users\/1"}],"replies":[{"embeddable":true,"href":"https:\/\/www.saviese-edelweiss.ch\/index.php?rest_route=%2Fwp%2Fv2%2Fcomments&post=13"}],"version-history":[{"count":14,"href":"https:\/\/www.saviese-edelweiss.ch\/index.php?rest_route=\/wp\/v2\/pages\/13\/revisions"}],"predecessor-version":[{"id":524,"href":"https:\/\/www.saviese-edelweiss.ch\/index.php?rest_route=\/wp\/v2\/pages\/13\/revisions\/524"}],"wp:attachment":[{"href":"https:\/\/www.saviese-edelweiss.ch\/index.php?rest_route=%2Fwp%2Fv2%2Fmedia&parent=13"}],"curies":[{"name":"wp","href":"https:\/\/api.w.org\/{rel}","templated":true}]}}